{"id":39,"date":"2019-01-01T21:31:15","date_gmt":"2019-01-01T20:31:15","guid":{"rendered":"http:\/\/jardingourmandisa.com\/?page_id=39"},"modified":"2026-02-15T11:00:05","modified_gmt":"2026-02-15T10:00:05","slug":"bienvenue-dans-mon-jardin-sucre","status":"publish","type":"page","link":"https:\/\/jardingourmandisa.com\/","title":{"rendered":"Bienvenue dans mon jardin sucr\u00e9  :-)"},"content":{"rendered":"\n<p>Vous y trouverez des recettes de g\u00e2teaux, tartes, biscuits, entremets, muffins, flans et compagnie \ud83d\ude42<\/p>\n\n\n\n<p>Ici, pas de mise en sc\u00e8ne, pas d&rsquo;\u00e9clairage sp\u00e9cial, pas d&rsquo;appareil photo haut de gamme !<\/p>\n\n\n\n<p>Mes recettes, accessibles \u00e0 tous et toutes, prises en photo dans ma cuisine avec un simple smartphone \ud83d\ude09<\/p>\n\n\n\n<p>J&rsquo;esp\u00e8re que vous y trouverez votre bonheur \ud83d\ude42<\/p>\n\n\n\n<h2>Pavlova mangue Kiwi<\/h2>\n\n\n\n<figure class=\"wp-container-2 wp-block-gallery-1 wp-block-gallery has-nested-images columns-default is-cropped\">\n<figure class=\"wp-block-image size-large\"><img loading=\"lazy\" width=\"1024\" height=\"971\" data-id=\"1599\"  src=\"https:\/\/jardingourmandisa.com\/wp-content\/uploads\/2026\/02\/pavlova-mangue-kiwi-1024x971.jpg?v=1771149455\" alt=\"\" class=\"wp-image-1599\" srcset=\"https:\/\/jardingourmandisa.com\/wp-content\/uploads\/2026\/02\/pavlova-mangue-kiwi-1024x971.jpg?v=1771149455 1024w, https:\/\/jardingourmandisa.com\/wp-content\/uploads\/2026\/02\/pavlova-mangue-kiwi-300x284.jpg?v=1771149455 300w, https:\/\/jardingourmandisa.com\/wp-content\/uploads\/2026\/02\/pavlova-mangue-kiwi-768x728.jpg?v=1771149455 768w, https:\/\/jardingourmandisa.com\/wp-content\/uploads\/2026\/02\/pavlova-mangue-kiwi-1536x1456.jpg?v=1771149455 1536w, https:\/\/jardingourmandisa.com\/wp-content\/uploads\/2026\/02\/pavlova-mangue-kiwi-2048x1941.jpg?v=1771149455 2048w\" sizes=\"(max-width: 1024px) 100vw, 1024px\" \/><figcaption>dav<\/figcaption><\/figure>\n<\/figure>\n\n\n\n<h6>La recette d\u00e9taill\u00e9e ici : <a href=\"https:\/\/jardingourmandisa.com\/?p=1177#more-1177\">https:\/\/jardingourmandisa.com\/?p=1177#more-1177<\/a><\/h6>\n\n\n\n<p><\/p>\n\n\n\n<p>Vous pouvez me suivre sur instagram ; <a href=\"https:\/\/www.instagram.com\/yzaamorin\/\" target=\"_blank\" rel=\"noreferrer noopener\">https:\/\/www.instagram.com\/yzaamorin\/<\/a><\/p>\n\n\n\n<p><\/p>\n","protected":false},"excerpt":{"rendered":"<p>Vous y trouverez des recettes de g\u00e2teaux, tartes, biscuits, entremets, muffins, flans et compagnie \ud83d\ude42 Ici, pas de mise en<\/p>\n","protected":false},"author":1,"featured_media":0,"parent":0,"menu_order":0,"comment_status":"open","ping_status":"closed","template":"","meta":{"_mi_skip_tracking":false},"yoast_head":"<!-- This site is optimized with the Yoast SEO plugin v19.7.2 - https:\/\/yoast.com\/wordpress\/plugins\/seo\/ -->\n<title>Bienvenue dans mon jardin sucr\u00e9 :-) - Jardingourmandisa<\/title>\n<meta name=\"robots\" content=\"index, follow, max-snippet:-1, max-image-preview:large, max-video-preview:-1\" \/>\n<link rel=\"canonical\" href=\"https:\/\/jardingourmandisa.com\/\" \/>\n<meta property=\"og:locale\" content=\"fr_FR\" \/>\n<meta property=\"og:type\" content=\"article\" \/>\n<meta property=\"og:title\" content=\"Bienvenue dans mon jardin sucr\u00e9 :-) - Jardingourmandisa\" \/>\n<meta property=\"og:description\" content=\"Vous y trouverez des recettes de g\u00e2teaux, tartes, biscuits, entremets, muffins, flans et compagnie \ud83d\ude42 Ici, pas de mise en\" \/>\n<meta property=\"og:url\" content=\"https:\/\/jardingourmandisa.com\/\" \/>\n<meta property=\"og:site_name\" content=\"Jardingourmandisa\" \/>\n<meta property=\"article:modified_time\" content=\"2026-02-15T10:00:05+00:00\" \/>\n<meta property=\"og:image\" content=\"https:\/\/jardingourmandisa.com\/wp-content\/uploads\/2026\/02\/pavlova-mangue-kiwi-1024x971.jpg?v=1771149455\" \/>\n<meta name=\"twitter:card\" content=\"summary_large_image\" \/>\n<meta name=\"twitter:label1\" content=\"Dur\u00e9e de lecture estim\u00e9e\" \/>\n\t<meta name=\"twitter:data1\" content=\"1 minute\" \/>\n<script type=\"application\/ld+json\" class=\"yoast-schema-graph\">{\"@context\":\"https:\/\/schema.org\",\"@graph\":[{\"@type\":\"WebPage\",\"@id\":\"https:\/\/jardingourmandisa.com\/\",\"url\":\"https:\/\/jardingourmandisa.com\/\",\"name\":\"Bienvenue dans mon jardin sucr\u00e9 :-) - Jardingourmandisa\",\"isPartOf\":{\"@id\":\"https:\/\/jardingourmandisa.com\/#website\"},\"datePublished\":\"2019-01-01T20:31:15+00:00\",\"dateModified\":\"2026-02-15T10:00:05+00:00\",\"breadcrumb\":{\"@id\":\"https:\/\/jardingourmandisa.com\/#breadcrumb\"},\"inLanguage\":\"fr-FR\",\"potentialAction\":[{\"@type\":\"ReadAction\",\"target\":[\"https:\/\/jardingourmandisa.com\/\"]}]},{\"@type\":\"BreadcrumbList\",\"@id\":\"https:\/\/jardingourmandisa.com\/#breadcrumb\",\"itemListElement\":[{\"@type\":\"ListItem\",\"position\":1,\"name\":\"Accueil\",\"item\":\"https:\/\/jardingourmandisa.com\/\"},{\"@type\":\"ListItem\",\"position\":2,\"name\":\"Bienvenue dans mon jardin sucr\u00e9 :-)\"}]},{\"@type\":\"WebSite\",\"@id\":\"https:\/\/jardingourmandisa.com\/#website\",\"url\":\"https:\/\/jardingourmandisa.com\/\",\"name\":\"Jardingourmandisa\",\"description\":\"Jardingourmandisa\",\"publisher\":{\"@id\":\"https:\/\/jardingourmandisa.com\/#organization\"},\"potentialAction\":[{\"@type\":\"SearchAction\",\"target\":{\"@type\":\"EntryPoint\",\"urlTemplate\":\"https:\/\/jardingourmandisa.com\/?s={search_term_string}\"},\"query-input\":\"required name=search_term_string\"}],\"inLanguage\":\"fr-FR\"},{\"@type\":\"Organization\",\"@id\":\"https:\/\/jardingourmandisa.com\/#organization\",\"name\":\"Jardingourmandisa\",\"url\":\"https:\/\/jardingourmandisa.com\/\",\"sameAs\":[\"https:\/\/www.instagram.com\/yzaamorin\/\"],\"logo\":{\"@type\":\"ImageObject\",\"inLanguage\":\"fr-FR\",\"@id\":\"https:\/\/jardingourmandisa.com\/#\/schema\/logo\/image\/\",\"url\":\"https:\/\/jardingourmandisa.com\/wp-content\/uploads\/2019\/01\/cropped-double-banniere-jgd.jpg\",\"contentUrl\":\"https:\/\/jardingourmandisa.com\/wp-content\/uploads\/2019\/01\/cropped-double-banniere-jgd.jpg\",\"width\":5476,\"height\":820,\"caption\":\"Jardingourmandisa\"},\"image\":{\"@id\":\"https:\/\/jardingourmandisa.com\/#\/schema\/logo\/image\/\"}}]}<\/script>\n<!-- \/ Yoast SEO plugin. -->","yoast_head_json":{"title":"Bienvenue dans mon jardin sucr\u00e9 :-) - Jardingourmandisa","robots":{"index":"index","follow":"follow","max-snippet":"max-snippet:-1","max-image-preview":"max-image-preview:large","max-video-preview":"max-video-preview:-1"},"canonical":"https:\/\/jardingourmandisa.com\/","og_locale":"fr_FR","og_type":"article","og_title":"Bienvenue dans mon jardin sucr\u00e9 :-) - Jardingourmandisa","og_description":"Vous y trouverez des recettes de g\u00e2teaux, tartes, biscuits, entremets, muffins, flans et compagnie \ud83d\ude42 Ici, pas de mise en","og_url":"https:\/\/jardingourmandisa.com\/","og_site_name":"Jardingourmandisa","article_modified_time":"2026-02-15T10:00:05+00:00","og_image":[{"url":"https:\/\/jardingourmandisa.com\/wp-content\/uploads\/2026\/02\/pavlova-mangue-kiwi-1024x971.jpg?v=1771149455"}],"twitter_card":"summary_large_image","twitter_misc":{"Dur\u00e9e de lecture estim\u00e9e":"1 minute"},"schema":{"@context":"https:\/\/schema.org","@graph":[{"@type":"WebPage","@id":"https:\/\/jardingourmandisa.com\/","url":"https:\/\/jardingourmandisa.com\/","name":"Bienvenue dans mon jardin sucr\u00e9 :-) - Jardingourmandisa","isPartOf":{"@id":"https:\/\/jardingourmandisa.com\/#website"},"datePublished":"2019-01-01T20:31:15+00:00","dateModified":"2026-02-15T10:00:05+00:00","breadcrumb":{"@id":"https:\/\/jardingourmandisa.com\/#breadcrumb"},"inLanguage":"fr-FR","potentialAction":[{"@type":"ReadAction","target":["https:\/\/jardingourmandisa.com\/"]}]},{"@type":"BreadcrumbList","@id":"https:\/\/jardingourmandisa.com\/#breadcrumb","itemListElement":[{"@type":"ListItem","position":1,"name":"Accueil","item":"https:\/\/jardingourmandisa.com\/"},{"@type":"ListItem","position":2,"name":"Bienvenue dans mon jardin sucr\u00e9 :-)"}]},{"@type":"WebSite","@id":"https:\/\/jardingourmandisa.com\/#website","url":"https:\/\/jardingourmandisa.com\/","name":"Jardingourmandisa","description":"Jardingourmandisa","publisher":{"@id":"https:\/\/jardingourmandisa.com\/#organization"},"potentialAction":[{"@type":"SearchAction","target":{"@type":"EntryPoint","urlTemplate":"https:\/\/jardingourmandisa.com\/?s={search_term_string}"},"query-input":"required name=search_term_string"}],"inLanguage":"fr-FR"},{"@type":"Organization","@id":"https:\/\/jardingourmandisa.com\/#organization","name":"Jardingourmandisa","url":"https:\/\/jardingourmandisa.com\/","sameAs":["https:\/\/www.instagram.com\/yzaamorin\/"],"logo":{"@type":"ImageObject","inLanguage":"fr-FR","@id":"https:\/\/jardingourmandisa.com\/#\/schema\/logo\/image\/","url":"https:\/\/jardingourmandisa.com\/wp-content\/uploads\/2019\/01\/cropped-double-banniere-jgd.jpg","contentUrl":"https:\/\/jardingourmandisa.com\/wp-content\/uploads\/2019\/01\/cropped-double-banniere-jgd.jpg","width":5476,"height":820,"caption":"Jardingourmandisa"},"image":{"@id":"https:\/\/jardingourmandisa.com\/#\/schema\/logo\/image\/"}}]}},"_links":{"self":[{"href":"https:\/\/jardingourmandisa.com\/index.php?rest_route=\/wp\/v2\/pages\/39"}],"collection":[{"href":"https:\/\/jardingourmandisa.com\/index.php?rest_route=\/wp\/v2\/pages"}],"about":[{"href":"https:\/\/jardingourmandisa.com\/index.php?rest_route=\/wp\/v2\/types\/page"}],"author":[{"embeddable":true,"href":"https:\/\/jardingourmandisa.com\/index.php?rest_route=\/wp\/v2\/users\/1"}],"replies":[{"embeddable":true,"href":"https:\/\/jardingourmandisa.com\/index.php?rest_route=%2Fwp%2Fv2%2Fcomments&post=39"}],"version-history":[{"count":56,"href":"https:\/\/jardingourmandisa.com\/index.php?rest_route=\/wp\/v2\/pages\/39\/revisions"}],"predecessor-version":[{"id":1600,"href":"https:\/\/jardingourmandisa.com\/index.php?rest_route=\/wp\/v2\/pages\/39\/revisions\/1600"}],"wp:attachment":[{"href":"https:\/\/jardingourmandisa.com\/index.php?rest_route=%2Fwp%2Fv2%2Fmedia&parent=39"}],"curies":[{"name":"wp","href":"https:\/\/api.w.org\/{rel}","templated":true}]}}